{"id":5808,"date":"2022-01-03T12:02:38","date_gmt":"2022-01-03T11:02:38","guid":{"rendered":"https:\/\/www.curea-medical.de\/imprint\/"},"modified":"2025-07-22T18:08:23","modified_gmt":"2025-07-22T16:08:23","slug":"imprint","status":"publish","type":"page","link":"https:\/\/www.curea-medical.de\/en\/imprint\/","title":{"rendered":"Imprint"},"content":{"rendered":"\n<p><strong>Entered registered office of the company:<\/strong><\/p>\n\n<p>curea medical GmbH<br\/>M\u00fcnsterstra\u00dfe 61-65<br\/>DE 48565 Steinfurt<\/p>\n\n<p><strong>Postal and visitor address:<\/strong><\/p>\n\n<p>curea medical GmbH<br\/>Rudolf-Diesel-Stra\u00dfe 6<br\/>DE 37308 Heilbad Heiligenstadt<\/p>\n\n<p><strong>Represented by:<\/strong><\/p>\n\n<p>Managing Director Dr. Andreas Bolz<\/p>\n\n<p><strong>Contact details:<\/strong><\/p>\n\n<p>Telefon: +49 (0) 3606 608010<br\/>Telefax: +49 (0) 3606 6080111<br\/>E-Mail: <a href=\"mailto:info@curea-medical.de\">info@curea-medical.de<\/a><\/p>\n\n<p><strong>Register entry:<\/strong><\/p>\n\n<p>Entry in the commercial register<br\/>Registration court: AG Steinfurt<br\/>Register number: HRB 8735<\/p>\n\n<p><strong>VAT ID:<\/strong><\/p>\n\n<p>VAT identification number in accordance with Section 27a German Turnover Tax Act: DE815174427<\/p>\n\n<p><strong>Sources for the images and graphics used:<\/strong><\/p>\n\n<p>All images and graphics used on the website are the property of curea medical GmbH or licence-free images and graphics from the following image databases:<br\/>&#8211; Envato Elements<br\/>&#8211; Freepik<\/p>\n\n<p><strong>Out-of-court dispute resolution<\/strong><\/p>\n\n<p>We neither undertake nor are we willing to participate in dispute resolution proceedings before a consumer arbitration board in the event of a dispute with a consumer.<\/p>\n","protected":false},"excerpt":{"rendered":"<p>Entered registered office of the company: curea medical GmbHM\u00fcnsterstra\u00dfe 61-65DE 48565 Steinfurt Postal and visitor address: curea medical GmbHRudolf-Diesel-Stra\u00dfe 6DE 37308 Heilbad Heiligenstadt Represented by: Managing Director Dr. Andreas Bolz Contact details: Telefon: +49 (0) 3606 608010Telefax: +49 (0) 3606 6080111E-Mail: info@curea-medical.de Register entry: Entry in the commercial registerRegistration court: AG SteinfurtRegister number: HRB 8735&#8230;<\/p>\n","protected":false},"author":1,"featured_media":0,"parent":0,"menu_order":0,"comment_status":"closed","ping_status":"closed","template":"","meta":{"_kad_blocks_custom_css":"","_kad_blocks_head_custom_js":"","_kad_blocks_body_custom_js":"","_kad_blocks_footer_custom_js":"","_kad_post_transparent":"","_kad_post_title":"show","_kad_post_layout":"normal","_kad_post_sidebar_id":"","_kad_post_content_style":"default","_kad_post_vertical_padding":"default","_kad_post_feature":"","_kad_post_feature_position":"","_kad_post_header":false,"_kad_post_footer":false,"_kad_post_classname":"","footnotes":""},"class_list":["post-5808","page","type-page","status-publish","hentry"],"taxonomy_info":[],"featured_image_src_large":false,"author_info":{"display_name":"NETZLICHT","author_link":"https:\/\/www.curea-medical.de\/en\/author\/cureamin\/"},"comment_info":0,"_links":{"self":[{"href":"https:\/\/www.curea-medical.de\/en\/wp-json\/wp\/v2\/pages\/5808","targetHints":{"allow":["GET"]}}],"collection":[{"href":"https:\/\/www.curea-medical.de\/en\/wp-json\/wp\/v2\/pages"}],"about":[{"href":"https:\/\/www.curea-medical.de\/en\/wp-json\/wp\/v2\/types\/page"}],"author":[{"embeddable":true,"href":"https:\/\/www.curea-medical.de\/en\/wp-json\/wp\/v2\/users\/1"}],"replies":[{"embeddable":true,"href":"https:\/\/www.curea-medical.de\/en\/wp-json\/wp\/v2\/comments?post=5808"}],"version-history":[{"count":10,"href":"https:\/\/www.curea-medical.de\/en\/wp-json\/wp\/v2\/pages\/5808\/revisions"}],"predecessor-version":[{"id":9375,"href":"https:\/\/www.curea-medical.de\/en\/wp-json\/wp\/v2\/pages\/5808\/revisions\/9375"}],"wp:attachment":[{"href":"https:\/\/www.curea-medical.de\/en\/wp-json\/wp\/v2\/media?parent=5808"}],"curies":[{"name":"wp","href":"https:\/\/api.w.org\/{rel}","templated":true}]}}